{"id":44,"date":"2018-09-24T18:56:40","date_gmt":"2018-09-24T18:56:40","guid":{"rendered":"https:\/\/melanie-mordogan-naturopathe.fr\/?page_id=44"},"modified":"2025-08-28T23:22:46","modified_gmt":"2025-08-28T23:22:46","slug":"naturopathie","status":"publish","type":"page","link":"https:\/\/melanie-mordogan-naturopathe.fr\/?page_id=44","title":{"rendered":"Naturopathie"},"content":{"rendered":"<h2 class=\"wp-block-heading\">La naturopathie, une m\u00e9decine traditionnelle<\/h2><p>Class\u00e9e 3\u00e8me m\u00e9decine traditionnelle mondiale, la naturopathie se situe derri\u00e8re la M\u00e9decine Traditionnelle Chinoise et la M\u00e9decine Ayurv\u00e9dique, selon l&rsquo;Organisation Mondiale de la Sant\u00e9 (O.M.S.).<\/p><div class=\"wp-block-image\"><figure class=\"aligncenter size-large\"><img loading=\"lazy\" decoding=\"async\" width=\"200\" height=\"218\" src=\"https:\/\/melanie-mordogan-naturopathe.fr\/wp-content\/uploads\/2018\/09\/HippocrateLeMasSage.png\" alt=\"Hippocrate, anc\u00eatre de la naturopathie - M\u00e9lanie Mordogan\" class=\"wp-image-76\" srcset=\"https:\/\/melanie-mordogan-naturopathe.fr\/wp-content\/uploads\/2018\/09\/HippocrateLeMasSage.png 200w, https:\/\/melanie-mordogan-naturopathe.fr\/wp-content\/uploads\/2018\/09\/HippocrateLeMasSage-100x109.png 100w\" sizes=\"(max-width: 200px) 100vw, 200px\" \/><\/figure><\/div><p>La naturopathie puise son origine dans l&rsquo;Antiquit\u00e9 et respecte les 5 principes \u00e9tablis par Hippocrate :<\/p><p>\u2022 <strong>En premier lieu ne pas nuire<\/strong>. Le naturopathe ne propose que des techniques naturelles. Elles sont conseill\u00e9es en fonction de chaque individu.<br>Il s&rsquo;assure que les r\u00e8gles d&rsquo;une bonne hygi\u00e8ne de vie et d&rsquo;une alimentation adapt\u00e9e soient respect\u00e9es. Si l&rsquo;on veut en premier ne pas nuire, il est important de donner \u00e0 son corps des \u00e9l\u00e9ments b\u00e9n\u00e9fiques \u00e0 sa sant\u00e9.<\/p><p>\u2022 <strong>La Nature est gu\u00e9risseuse.<\/strong> Le praticien de sant\u00e9 naturopathe va puiser ses ressources dans la Nature. Elle nous offre : les aliments bruts (la nutrition), l&rsquo;air pur (la respiration), le soleil, les plantes (aromath\u00e9rapie, phytoth\u00e9rapie, gemmoth\u00e9rapie), la terre (l&rsquo;argile), l&rsquo;eau (l&rsquo;hydrologie), le mouvement (l&rsquo;activit\u00e9 physique), les zones r\u00e9flexes du corps (r\u00e9flexologie plantaire)&#8230;<br>La Nature a dot\u00e9 les \u00eatres vivants, y compris les humains, d&rsquo;une capacit\u00e9 d&rsquo;auto-gu\u00e9rison. Le naturopathe met tout en oeuvre pour que cette capacit\u00e9 soit soutenue.<\/p><p>\u2022 <strong><strong>Identifier et traiter la cause.<\/strong> <\/strong>Le naturopathe va davantage s&rsquo;int\u00e9resser \u00e0 l&rsquo;origine des dysfonctionnements plut\u00f4t qu&rsquo;aux symt\u00f4mes eux-m\u00eames. Il va donc chercher \u00e0 r\u00e9guler les d\u00e9s\u00e9quilibres premiers tout en utilisant et en soutenant la force de vie autogu\u00e9risseuse qui est en nous.<\/p><p>\u2022 <strong>D\u00e9toxifier et purifier l&rsquo;organisme.<\/strong> Notre alimentation d\u00e9natur\u00e9e et industrialis\u00e9e, la pollution environnante, nos modes de vie de plus en plus s\u00e9dentaires, le stress grandissant, sont autant de facteurs qui surchargent l&rsquo;organisme de toxines. Le naturopathe conna\u00eet l&rsquo;importance de les \u00e9liminer par une d\u00e9tox ou un <a rel=\"noreferrer noopener\" href=\"https:\/\/www.lecentredujeune.com\/le-jeune\/\" target=\"_blank\">je\u00fbne<\/a> afin que l&rsquo;organisme fonctionne correctement et que la sant\u00e9 soit pr\u00e9serv\u00e9e.<\/p><p>\u2022 <strong>Enseigner.<\/strong> Le naturopathe est un \u00e9ducateur de sant\u00e9, afin que chacun apprenne \u00e0 mieux se conna\u00eetre pour \u00eatre autonome et acteur de sa sant\u00e9.<\/p><p><\/p><h2 class=\"wp-block-heading\">La naturopathie : une pratique holistique<\/h2><p>La naturopathie consid\u00e8re l&rsquo;\u00eatre humain dans sa globalit\u00e9. C&rsquo;est \u00e0 dire ses dimensions physique\/physiologique, psychologique, \u00e9motionnelle mais aussi dans son environnement, son histoire et son parcours de vie.<br>Elle aide ainsi chacun \u00e0 retrouver un \u00e9quilibre sur tous ces plans avec des solutions adapt\u00e9es.<\/p><figure class=\"wp-block-image size-large\"><img loading=\"lazy\" decoding=\"async\" width=\"1024\" height=\"684\" src=\"https:\/\/melanie-mordogan-naturopathe.fr\/wp-content\/uploads\/2018\/09\/jenna-anderson-696266-unsplash-1024x684.jpg\" alt=\"Se sentir bien dans son corps et dans sa t\u00eate gr\u00e2ce \u00e0 la naturopathie. M\u00e9lanie Mordogan\" class=\"wp-image-79\" srcset=\"https:\/\/melanie-mordogan-naturopathe.fr\/wp-content\/uploads\/2018\/09\/jenna-anderson-696266-unsplash-1024x684.jpg 1024w, https:\/\/melanie-mordogan-naturopathe.fr\/wp-content\/uploads\/2018\/09\/jenna-anderson-696266-unsplash-420x280.jpg 420w, https:\/\/melanie-mordogan-naturopathe.fr\/wp-content\/uploads\/2018\/09\/jenna-anderson-696266-unsplash-800x534.jpg 800w, https:\/\/melanie-mordogan-naturopathe.fr\/wp-content\/uploads\/2018\/09\/jenna-anderson-696266-unsplash-300x200.jpg 300w, https:\/\/melanie-mordogan-naturopathe.fr\/wp-content\/uploads\/2018\/09\/jenna-anderson-696266-unsplash-768x513.jpg 768w, https:\/\/melanie-mordogan-naturopathe.fr\/wp-content\/uploads\/2018\/09\/jenna-anderson-696266-unsplash-830x554.jpg 830w, https:\/\/melanie-mordogan-naturopathe.fr\/wp-content\/uploads\/2018\/09\/jenna-anderson-696266-unsplash-230x154.jpg 230w, https:\/\/melanie-mordogan-naturopathe.fr\/wp-content\/uploads\/2018\/09\/jenna-anderson-696266-unsplash-350x234.jpg 350w, https:\/\/melanie-mordogan-naturopathe.fr\/wp-content\/uploads\/2018\/09\/jenna-anderson-696266-unsplash-480x320.jpg 480w\" sizes=\"(max-width: 1024px) 100vw, 1024px\" \/><\/figure><h2 class=\"wp-block-heading\">Pourquoi consulter un naturopathe ?<\/h2><p>&#8211; <strong>La naturopathie s&rsquo;adresse \u00e0 tous :<\/strong><br>B\u00e9b\u00e9, enfant, adolescent, adulte, personne \u00e2g\u00e9e ou en fin de vie, femme enceinte ou allaitante, sportif&#8230;<br>Personnes malades : une chose importante, la naturopathie ne se substitue pas \u00e0 un traitement m\u00e9dical, mais peut avec l&rsquo;aval du m\u00e9decin, accompagner une personne malade sous traitement. Cela afin de la soulager et de soutenir son organisme et son \u00e9nergie vitale dans le processus de gu\u00e9rison.<\/p><p><strong>&#8211; Se maintenir en bonne sant\u00e9<br><\/strong>La vocation premi\u00e8re de la naturopathie est la pr\u00e9vention primaire. Elle vous donne les cl\u00e9s pour rester en pleine sant\u00e9 et vitalit\u00e9 \u00e0 tous les \u00e2ges. Une alimentation \u00e9quilibr\u00e9e et adapt\u00e9e, une activit\u00e9 physique qui vous convienne, la juste gestion des \u00e9motions et du stress sont quelques unes de ces cl\u00e9s.<\/p><p><strong>&#8211; Retrouver de l&rsquo;\u00e9nergie<\/strong><br>Surmenage, fatigue chronique, troubles du sommeil, d\u00e9prime, burn out&#8230;<\/p><p><strong>&#8211; Soulager des troubles<\/strong><br>Par exemple : le surpoids, les \u00e9tats inflammatoires chroniques, les dysfonctionnements hormonaux, les probl\u00e8mes digestifs ou intestinaux, les probl\u00e8mes de peau, les allergies, les probl\u00e8mes articulaires&#8230;<\/p><h2 class=\"wp-block-heading\">Les s\u00e9ances de naturopathie<\/h2><ul><li>La 1\u00e8re s\u00e9ance dure 1h30. Cet \u00e9change permet d&rsquo;\u00e9tablir un bilan de vitalit\u00e9 et de r\u00e9colter tous les \u00e9l\u00e9ments pour des conseils personnalis\u00e9s.<br>Vous repartez avec une liste de conseils \u00e0 appliquer jusqu&rsquo;\u00e0 la prochaine s\u00e9ance de suivi.<br>Toutes les s\u00e9ances sont compl\u00e9t\u00e9es par une technique sp\u00e9cifiquement choisie en fonction de vos besoins du moment (relaxation, r\u00e9flexologie auriculaire, olfactoth\u00e9rapie, micro nutrition, massage-bien-\u00eatre).<\/li>\n\n<li>Les s\u00e9ances de suivi permettent de vous accompagner progressivement vers la r\u00e9solution de votre ou vos probl\u00e9matiques, en \u00e9valuant \u00e0 chaque \u00e9tape les changements obtenus.<br>Toutes les s\u00e9ances sont compl\u00e9t\u00e9es par une technique sp\u00e9cifiquement choisie en fonction de vos besoins du moment (relaxation, r\u00e9flexologie auriculaire, olfactoth\u00e9rapie, micro nutrition, massage-bien-\u00eatre).<\/li><\/ul><figure class=\"wp-block-image size-large\"><img loading=\"lazy\" decoding=\"async\" width=\"1024\" height=\"768\" src=\"https:\/\/melanie-mordogan-naturopathe.fr\/wp-content\/uploads\/2021\/10\/IMG20210613190829-1024x768.jpg\" alt=\"\" class=\"wp-image-13493\" srcset=\"https:\/\/melanie-mordogan-naturopathe.fr\/wp-content\/uploads\/2021\/10\/IMG20210613190829-1024x768.jpg 1024w, https:\/\/melanie-mordogan-naturopathe.fr\/wp-content\/uploads\/2021\/10\/IMG20210613190829-scaled-420x315.jpg 420w, https:\/\/melanie-mordogan-naturopathe.fr\/wp-content\/uploads\/2021\/10\/IMG20210613190829-scaled-800x600.jpg 800w, https:\/\/melanie-mordogan-naturopathe.fr\/wp-content\/uploads\/2021\/10\/IMG20210613190829-300x225.jpg 300w, https:\/\/melanie-mordogan-naturopathe.fr\/wp-content\/uploads\/2021\/10\/IMG20210613190829-768x576.jpg 768w, https:\/\/melanie-mordogan-naturopathe.fr\/wp-content\/uploads\/2021\/10\/IMG20210613190829-1536x1152.jpg 1536w, https:\/\/melanie-mordogan-naturopathe.fr\/wp-content\/uploads\/2021\/10\/IMG20210613190829-2048x1536.jpg 2048w, https:\/\/melanie-mordogan-naturopathe.fr\/wp-content\/uploads\/2021\/10\/IMG20210613190829-640x480.jpg 640w, https:\/\/melanie-mordogan-naturopathe.fr\/wp-content\/uploads\/2021\/10\/IMG20210613190829-830x623.jpg 830w, https:\/\/melanie-mordogan-naturopathe.fr\/wp-content\/uploads\/2021\/10\/IMG20210613190829-230x173.jpg 230w, https:\/\/melanie-mordogan-naturopathe.fr\/wp-content\/uploads\/2021\/10\/IMG20210613190829-350x263.jpg 350w, https:\/\/melanie-mordogan-naturopathe.fr\/wp-content\/uploads\/2021\/10\/IMG20210613190829-480x360.jpg 480w, https:\/\/melanie-mordogan-naturopathe.fr\/wp-content\/uploads\/2021\/10\/IMG20210613190829-600x450.jpg 600w, https:\/\/melanie-mordogan-naturopathe.fr\/wp-content\/uploads\/2021\/10\/IMG20210613190829-80x60.jpg 80w, https:\/\/melanie-mordogan-naturopathe.fr\/wp-content\/uploads\/2021\/10\/IMG20210613190829-120x90.jpg 120w\" sizes=\"(max-width: 1024px) 100vw, 1024px\" \/><\/figure><h2 class=\"wp-block-heading\">Tarifs <\/h2><p>1\u00e8re s\u00e9ance\u00a0: 1h30 &#8211; 140 \u20ac<br>S\u00e9ances suivantes au choix : 1h &#8211; 100 \u20ac    \/     2h &#8211; 180 \u20ac<br><br><br><a href=\"https:\/\/melanie-mordogan-naturopathe.fr\/?page_id=49\" target=\"_blank\" rel=\"noreferrer noopener\">Coordonn\u00e9es&#8230;<\/a><\/p><p class=\"has-background has-medium-font-size\" style=\"background-color:#bff1e6\"><a href=\"https:\/\/www.medoucine.com\/consultation\/martigues\/melanie-mordogan\/4121\" target=\"_blank\" rel=\"noreferrer noopener\">Pour prendre RDV, cliquez ici<\/a><\/p>","protected":false},"excerpt":{"rendered":"<p>La naturopathie, une m\u00e9decine traditionnelle Class\u00e9e 3\u00e8me m\u00e9decine traditionnelle mondiale, la naturopathie se situe derri\u00e8re la M\u00e9decine Traditionnelle Chinoise et la M\u00e9decine [&hellip;]<\/p>\n","protected":false},"author":1,"featured_media":0,"parent":0,"menu_order":0,"comment_status":"closed","ping_status":"closed","template":"","meta":{"footnotes":""},"yoast_head":"<!-- This site is optimized with the Yoast SEO plugin v24.5 - https:\/\/yoast.com\/wordpress\/plugins\/seo\/ -->\n<title>La naturopathie, c&#039;est quoi ? M\u00e9lanie Mordogan, naturopathe.<\/title>\n<meta name=\"description\" content=\"La naturopathie est class\u00e9e 3\u00e8me m\u00e9decine traditionnelle mondiale par l&#039;OMS. M\u00e9decine naturelle pr\u00e9ventive elle respecte les 5 principes d&#039;Hippocrate ...\" \/>\n<meta name=\"robots\" content=\"index, follow, max-snippet:-1, max-image-preview:large, max-video-preview:-1\" \/>\n<link rel=\"canonical\" href=\"https:\/\/melanie-mordogan-naturopathe.fr\/?page_id=44\" \/>\n<meta property=\"og:locale\" content=\"fr_FR\" \/>\n<meta property=\"og:type\" content=\"article\" \/>\n<meta property=\"og:title\" content=\"La naturopathie, c&#039;est quoi ? M\u00e9lanie Mordogan, naturopathe.\" \/>\n<meta property=\"og:description\" content=\"La naturopathie est class\u00e9e 3\u00e8me m\u00e9decine traditionnelle mondiale par l&#039;OMS. M\u00e9decine naturelle pr\u00e9ventive elle respecte les 5 principes d&#039;Hippocrate ...\" \/>\n<meta property=\"og:url\" content=\"https:\/\/melanie-mordogan-naturopathe.fr\/?page_id=44\" \/>\n<meta property=\"og:site_name\" content=\"M\u00e9lanie Mordogan NATUROPATHE - Nutrith\u00e9rapeute\" \/>\n<meta property=\"article:modified_time\" content=\"2025-08-28T23:22:46+00:00\" \/>\n<meta property=\"og:image\" content=\"https:\/\/melanie-mordogan-naturopathe.fr\/wp-content\/uploads\/2018\/09\/HippocrateLeMasSage.png\" \/>\n\t<meta property=\"og:image:width\" content=\"200\" \/>\n\t<meta property=\"og:image:height\" content=\"218\" \/>\n\t<meta property=\"og:image:type\" content=\"image\/png\" \/>\n<meta name=\"twitter:card\" content=\"summary_large_image\" \/>\n<meta name=\"twitter:label1\" content=\"Dur\u00e9e de lecture estim\u00e9e\" \/>\n\t<meta name=\"twitter:data1\" content=\"5 minutes\" \/>\n<script type=\"application\/ld+json\" class=\"yoast-schema-graph\">{\"@context\":\"https:\/\/schema.org\",\"@graph\":[{\"@type\":\"WebPage\",\"@id\":\"https:\/\/melanie-mordogan-naturopathe.fr\/?page_id=44\",\"url\":\"https:\/\/melanie-mordogan-naturopathe.fr\/?page_id=44\",\"name\":\"La naturopathie, c'est quoi ? M\u00e9lanie Mordogan, naturopathe.\",\"isPartOf\":{\"@id\":\"https:\/\/melanie-mordogan-naturopathe.fr\/#website\"},\"primaryImageOfPage\":{\"@id\":\"https:\/\/melanie-mordogan-naturopathe.fr\/?page_id=44#primaryimage\"},\"image\":{\"@id\":\"https:\/\/melanie-mordogan-naturopathe.fr\/?page_id=44#primaryimage\"},\"thumbnailUrl\":\"https:\/\/melanie-mordogan-naturopathe.fr\/wp-content\/uploads\/2018\/09\/HippocrateLeMasSage.png\",\"datePublished\":\"2018-09-24T18:56:40+00:00\",\"dateModified\":\"2025-08-28T23:22:46+00:00\",\"description\":\"La naturopathie est class\u00e9e 3\u00e8me m\u00e9decine traditionnelle mondiale par l'OMS. M\u00e9decine naturelle pr\u00e9ventive elle respecte les 5 principes d'Hippocrate ...\",\"breadcrumb\":{\"@id\":\"https:\/\/melanie-mordogan-naturopathe.fr\/?page_id=44#breadcrumb\"},\"inLanguage\":\"fr-FR\",\"potentialAction\":[{\"@type\":\"ReadAction\",\"target\":[\"https:\/\/melanie-mordogan-naturopathe.fr\/?page_id=44\"]}]},{\"@type\":\"ImageObject\",\"inLanguage\":\"fr-FR\",\"@id\":\"https:\/\/melanie-mordogan-naturopathe.fr\/?page_id=44#primaryimage\",\"url\":\"https:\/\/melanie-mordogan-naturopathe.fr\/wp-content\/uploads\/2018\/09\/HippocrateLeMasSage.png\",\"contentUrl\":\"https:\/\/melanie-mordogan-naturopathe.fr\/wp-content\/uploads\/2018\/09\/HippocrateLeMasSage.png\",\"width\":200,\"height\":218},{\"@type\":\"BreadcrumbList\",\"@id\":\"https:\/\/melanie-mordogan-naturopathe.fr\/?page_id=44#breadcrumb\",\"itemListElement\":[{\"@type\":\"ListItem\",\"position\":1,\"name\":\"Accueil\",\"item\":\"https:\/\/melanie-mordogan-naturopathe.fr\/\"},{\"@type\":\"ListItem\",\"position\":2,\"name\":\"Naturopathie\"}]},{\"@type\":\"WebSite\",\"@id\":\"https:\/\/melanie-mordogan-naturopathe.fr\/#website\",\"url\":\"https:\/\/melanie-mordogan-naturopathe.fr\/\",\"name\":\"M\u00e9lanie Mordogan NATUROPATHE - Nutrith\u00e9rapeute\",\"description\":\"\",\"potentialAction\":[{\"@type\":\"SearchAction\",\"target\":{\"@type\":\"EntryPoint\",\"urlTemplate\":\"https:\/\/melanie-mordogan-naturopathe.fr\/?s={search_term_string}\"},\"query-input\":{\"@type\":\"PropertyValueSpecification\",\"valueRequired\":true,\"valueName\":\"search_term_string\"}}],\"inLanguage\":\"fr-FR\"}]}<\/script>\n<!-- \/ Yoast SEO plugin. -->","yoast_head_json":{"title":"La naturopathie, c'est quoi ? M\u00e9lanie Mordogan, naturopathe.","description":"La naturopathie est class\u00e9e 3\u00e8me m\u00e9decine traditionnelle mondiale par l'OMS. M\u00e9decine naturelle pr\u00e9ventive elle respecte les 5 principes d'Hippocrate ...","robots":{"index":"index","follow":"follow","max-snippet":"max-snippet:-1","max-image-preview":"max-image-preview:large","max-video-preview":"max-video-preview:-1"},"canonical":"https:\/\/melanie-mordogan-naturopathe.fr\/?page_id=44","og_locale":"fr_FR","og_type":"article","og_title":"La naturopathie, c'est quoi ? M\u00e9lanie Mordogan, naturopathe.","og_description":"La naturopathie est class\u00e9e 3\u00e8me m\u00e9decine traditionnelle mondiale par l'OMS. M\u00e9decine naturelle pr\u00e9ventive elle respecte les 5 principes d'Hippocrate ...","og_url":"https:\/\/melanie-mordogan-naturopathe.fr\/?page_id=44","og_site_name":"M\u00e9lanie Mordogan NATUROPATHE - Nutrith\u00e9rapeute","article_modified_time":"2025-08-28T23:22:46+00:00","og_image":[{"width":200,"height":218,"url":"https:\/\/melanie-mordogan-naturopathe.fr\/wp-content\/uploads\/2018\/09\/HippocrateLeMasSage.png","type":"image\/png"}],"twitter_card":"summary_large_image","twitter_misc":{"Dur\u00e9e de lecture estim\u00e9e":"5 minutes"},"schema":{"@context":"https:\/\/schema.org","@graph":[{"@type":"WebPage","@id":"https:\/\/melanie-mordogan-naturopathe.fr\/?page_id=44","url":"https:\/\/melanie-mordogan-naturopathe.fr\/?page_id=44","name":"La naturopathie, c'est quoi ? M\u00e9lanie Mordogan, naturopathe.","isPartOf":{"@id":"https:\/\/melanie-mordogan-naturopathe.fr\/#website"},"primaryImageOfPage":{"@id":"https:\/\/melanie-mordogan-naturopathe.fr\/?page_id=44#primaryimage"},"image":{"@id":"https:\/\/melanie-mordogan-naturopathe.fr\/?page_id=44#primaryimage"},"thumbnailUrl":"https:\/\/melanie-mordogan-naturopathe.fr\/wp-content\/uploads\/2018\/09\/HippocrateLeMasSage.png","datePublished":"2018-09-24T18:56:40+00:00","dateModified":"2025-08-28T23:22:46+00:00","description":"La naturopathie est class\u00e9e 3\u00e8me m\u00e9decine traditionnelle mondiale par l'OMS. M\u00e9decine naturelle pr\u00e9ventive elle respecte les 5 principes d'Hippocrate ...","breadcrumb":{"@id":"https:\/\/melanie-mordogan-naturopathe.fr\/?page_id=44#breadcrumb"},"inLanguage":"fr-FR","potentialAction":[{"@type":"ReadAction","target":["https:\/\/melanie-mordogan-naturopathe.fr\/?page_id=44"]}]},{"@type":"ImageObject","inLanguage":"fr-FR","@id":"https:\/\/melanie-mordogan-naturopathe.fr\/?page_id=44#primaryimage","url":"https:\/\/melanie-mordogan-naturopathe.fr\/wp-content\/uploads\/2018\/09\/HippocrateLeMasSage.png","contentUrl":"https:\/\/melanie-mordogan-naturopathe.fr\/wp-content\/uploads\/2018\/09\/HippocrateLeMasSage.png","width":200,"height":218},{"@type":"BreadcrumbList","@id":"https:\/\/melanie-mordogan-naturopathe.fr\/?page_id=44#breadcrumb","itemListElement":[{"@type":"ListItem","position":1,"name":"Accueil","item":"https:\/\/melanie-mordogan-naturopathe.fr\/"},{"@type":"ListItem","position":2,"name":"Naturopathie"}]},{"@type":"WebSite","@id":"https:\/\/melanie-mordogan-naturopathe.fr\/#website","url":"https:\/\/melanie-mordogan-naturopathe.fr\/","name":"M\u00e9lanie Mordogan NATUROPATHE - Nutrith\u00e9rapeute","description":"","potentialAction":[{"@type":"SearchAction","target":{"@type":"EntryPoint","urlTemplate":"https:\/\/melanie-mordogan-naturopathe.fr\/?s={search_term_string}"},"query-input":{"@type":"PropertyValueSpecification","valueRequired":true,"valueName":"search_term_string"}}],"inLanguage":"fr-FR"}]}},"jetpack_sharing_enabled":true,"_links":{"self":[{"href":"https:\/\/melanie-mordogan-naturopathe.fr\/index.php?rest_route=\/wp\/v2\/pages\/44"}],"collection":[{"href":"https:\/\/melanie-mordogan-naturopathe.fr\/index.php?rest_route=\/wp\/v2\/pages"}],"about":[{"href":"https:\/\/melanie-mordogan-naturopathe.fr\/index.php?rest_route=\/wp\/v2\/types\/page"}],"author":[{"embeddable":true,"href":"https:\/\/melanie-mordogan-naturopathe.fr\/index.php?rest_route=\/wp\/v2\/users\/1"}],"replies":[{"embeddable":true,"href":"https:\/\/melanie-mordogan-naturopathe.fr\/index.php?rest_route=%2Fwp%2Fv2%2Fcomments&post=44"}],"version-history":[{"count":25,"href":"https:\/\/melanie-mordogan-naturopathe.fr\/index.php?rest_route=\/wp\/v2\/pages\/44\/revisions"}],"predecessor-version":[{"id":13918,"href":"https:\/\/melanie-mordogan-naturopathe.fr\/index.php?rest_route=\/wp\/v2\/pages\/44\/revisions\/13918"}],"wp:attachment":[{"href":"https:\/\/melanie-mordogan-naturopathe.fr\/index.php?rest_route=%2Fwp%2Fv2%2Fmedia&parent=44"}],"curies":[{"name":"wp","href":"https:\/\/api.w.org\/{rel}","templated":true}]}}