{"id":13434,"date":"2021-09-23T13:42:46","date_gmt":"2021-09-23T13:42:46","guid":{"rendered":"https:\/\/melanie-mordogan-naturopathe.fr\/?post_type=product&#038;p=13434"},"modified":"2025-08-28T23:07:19","modified_gmt":"2025-08-28T23:07:19","slug":"forfait-massage-traditionnel-balinais","status":"publish","type":"product","link":"https:\/\/melanie-mordogan-naturopathe.fr\/?product=forfait-massage-traditionnel-balinais","title":{"rendered":"Forfait Massage Traditionnel Balinais (5x1h)"},"content":{"rendered":"<p><img loading=\"lazy\" decoding=\"async\" class=\"alignnone size-medium wp-image-13435\" src=\"https:\/\/melanie-mordogan-naturopathe.fr\/wp-content\/uploads\/2021\/09\/Massage8-300x188.jpg\" alt=\"MassageBalinais-M\u00e9lanie-Mordogan-naturpathe\" width=\"300\" height=\"188\" srcset=\"https:\/\/melanie-mordogan-naturopathe.fr\/wp-content\/uploads\/2021\/09\/Massage8-300x188.jpg 300w, https:\/\/melanie-mordogan-naturopathe.fr\/wp-content\/uploads\/2021\/09\/Massage8-420x263.jpg 420w, https:\/\/melanie-mordogan-naturopathe.fr\/wp-content\/uploads\/2021\/09\/Massage8-800x500.jpg 800w, https:\/\/melanie-mordogan-naturopathe.fr\/wp-content\/uploads\/2021\/09\/Massage8-1024x640.jpg 1024w, https:\/\/melanie-mordogan-naturopathe.fr\/wp-content\/uploads\/2021\/09\/Massage8-768x480.jpg 768w, https:\/\/melanie-mordogan-naturopathe.fr\/wp-content\/uploads\/2021\/09\/Massage8-1536x960.jpg 1536w, https:\/\/melanie-mordogan-naturopathe.fr\/wp-content\/uploads\/2021\/09\/Massage8-640x400.jpg 640w, https:\/\/melanie-mordogan-naturopathe.fr\/wp-content\/uploads\/2021\/09\/Massage8-830x519.jpg 830w, https:\/\/melanie-mordogan-naturopathe.fr\/wp-content\/uploads\/2021\/09\/Massage8-230x144.jpg 230w, https:\/\/melanie-mordogan-naturopathe.fr\/wp-content\/uploads\/2021\/09\/Massage8-350x219.jpg 350w, https:\/\/melanie-mordogan-naturopathe.fr\/wp-content\/uploads\/2021\/09\/Massage8-480x300.jpg 480w, https:\/\/melanie-mordogan-naturopathe.fr\/wp-content\/uploads\/2021\/09\/Massage8-600x375.jpg 600w, https:\/\/melanie-mordogan-naturopathe.fr\/wp-content\/uploads\/2021\/09\/Massage8.jpg 1920w\" sizes=\"(max-width: 300px) 100vw, 300px\" \/><\/p>\n<p>Ce massage\u00b0 ancestral a pour but de reconstituer l&rsquo;\u00e9quilibre entre l&rsquo;\u00e2me et le corps.<br \/>\nRelaxant et \u00e9nerg\u00e9tique, il permet de sculpter la silhouette et d&rsquo;\u00e9vacuer le stress.<\/p>\n<p>Ses bienfaits :<\/p>\n<ul>\n<li>relaxation profonde et d\u00e9tente<\/li>\n<li>sculpture de la silhouette<\/li>\n<li>dispersion des zones de tension<\/li>\n<li>am\u00e9lioration de la circulation<\/li>\n<li>assouplissement musculaire<\/li>\n<li>assouplissement du tissu cutan\u00e9<\/li>\n<li>revitalisation et r\u00e9g\u00e9n\u00e9ration globale<\/li>\n<li>r\u00e9\u00e9quilibrage \u00e9nerg\u00e9tique.<\/li>\n<\/ul>\n<p>\u00b0Massage r\u00e9serv\u00e9 aux dames, non m\u00e9dical et non kin\u00e9sith\u00e9rapeutique.<\/p>\n<p>&nbsp;<\/p>\n<p>Forfait 5 massages d\u20191h \/ 350 \u20ac (soit 70 \u20ac le massage)*<br \/>\n<strong>*le forfait a une dur\u00e9e de validit\u00e9 de 6 mois<\/strong><\/p>\n","protected":false},"excerpt":{"rendered":"<p>Massage r\u00e9serv\u00e9 aux dames<\/p>\n<p>Le Massage Traditionnel Balinais est un massage\u00b0 complet du corps, profond, raffermissant, \u00e0 la fois doux et tonique.<\/p>\n","protected":false},"featured_media":13435,"template":"","meta":[],"product_cat":[19],"product_tag":[],"yoast_head":"<!-- This site is optimized with the Yoast SEO plugin v24.5 - https:\/\/yoast.com\/wordpress\/plugins\/seo\/ -->\n<title>Forfait Massage Traditionnel Balinais (5x1h) - M\u00e9lanie Mordogan NATUROPATHE - Nutrith\u00e9rapeute<\/title>\n<meta name=\"description\" content=\"Bon cadeau pour un forfait de 5 s\u00e9ances de Massage Traditionnel Balinais (1h). Les 5 s\u00e9ances sont \u00e0 utiliser dans les 6 mois. D\u00e9tente extr\u00eame\" \/>\n<meta name=\"robots\" content=\"index, follow, max-snippet:-1, max-image-preview:large, max-video-preview:-1\" \/>\n<link rel=\"canonical\" href=\"https:\/\/melanie-mordogan-naturopathe.fr\/?product=forfait-massage-traditionnel-balinais\" \/>\n<meta property=\"og:locale\" content=\"fr_FR\" \/>\n<meta property=\"og:type\" content=\"article\" \/>\n<meta property=\"og:title\" content=\"Forfait Massage Traditionnel Balinais (5x1h) - M\u00e9lanie Mordogan NATUROPATHE - Nutrith\u00e9rapeute\" \/>\n<meta property=\"og:description\" content=\"Bon cadeau pour un forfait de 5 s\u00e9ances de Massage Traditionnel Balinais (1h). Les 5 s\u00e9ances sont \u00e0 utiliser dans les 6 mois. D\u00e9tente extr\u00eame\" \/>\n<meta property=\"og:url\" content=\"https:\/\/melanie-mordogan-naturopathe.fr\/?product=forfait-massage-traditionnel-balinais\" \/>\n<meta property=\"og:site_name\" content=\"M\u00e9lanie Mordogan NATUROPATHE - Nutrith\u00e9rapeute\" \/>\n<meta property=\"article:modified_time\" content=\"2025-08-28T23:07:19+00:00\" \/>\n<meta property=\"og:image\" content=\"https:\/\/melanie-mordogan-naturopathe.fr\/wp-content\/uploads\/2021\/09\/Massage8.jpg\" \/>\n\t<meta property=\"og:image:width\" content=\"1920\" \/>\n\t<meta property=\"og:image:height\" content=\"1200\" \/>\n\t<meta property=\"og:image:type\" content=\"image\/jpeg\" \/>\n<meta name=\"twitter:card\" content=\"summary_large_image\" \/>\n<meta name=\"twitter:label1\" content=\"Dur\u00e9e de lecture estim\u00e9e\" \/>\n\t<meta name=\"twitter:data1\" content=\"1 minute\" \/>\n<script type=\"application\/ld+json\" class=\"yoast-schema-graph\">{\"@context\":\"https:\/\/schema.org\",\"@graph\":[{\"@type\":\"WebPage\",\"@id\":\"https:\/\/melanie-mordogan-naturopathe.fr\/?product=forfait-massage-traditionnel-balinais\",\"url\":\"https:\/\/melanie-mordogan-naturopathe.fr\/?product=forfait-massage-traditionnel-balinais\",\"name\":\"Forfait Massage Traditionnel Balinais (5x1h) - M\u00e9lanie Mordogan NATUROPATHE - Nutrith\u00e9rapeute\",\"isPartOf\":{\"@id\":\"https:\/\/melanie-mordogan-naturopathe.fr\/#website\"},\"primaryImageOfPage\":{\"@id\":\"https:\/\/melanie-mordogan-naturopathe.fr\/?product=forfait-massage-traditionnel-balinais#primaryimage\"},\"image\":{\"@id\":\"https:\/\/melanie-mordogan-naturopathe.fr\/?product=forfait-massage-traditionnel-balinais#primaryimage\"},\"thumbnailUrl\":\"https:\/\/melanie-mordogan-naturopathe.fr\/wp-content\/uploads\/2021\/09\/Massage8.jpg\",\"datePublished\":\"2021-09-23T13:42:46+00:00\",\"dateModified\":\"2025-08-28T23:07:19+00:00\",\"description\":\"Bon cadeau pour un forfait de 5 s\u00e9ances de Massage Traditionnel Balinais (1h). Les 5 s\u00e9ances sont \u00e0 utiliser dans les 6 mois. D\u00e9tente extr\u00eame\",\"breadcrumb\":{\"@id\":\"https:\/\/melanie-mordogan-naturopathe.fr\/?product=forfait-massage-traditionnel-balinais#breadcrumb\"},\"inLanguage\":\"fr-FR\",\"potentialAction\":[{\"@type\":\"ReadAction\",\"target\":[\"https:\/\/melanie-mordogan-naturopathe.fr\/?product=forfait-massage-traditionnel-balinais\"]}]},{\"@type\":\"ImageObject\",\"inLanguage\":\"fr-FR\",\"@id\":\"https:\/\/melanie-mordogan-naturopathe.fr\/?product=forfait-massage-traditionnel-balinais#primaryimage\",\"url\":\"https:\/\/melanie-mordogan-naturopathe.fr\/wp-content\/uploads\/2021\/09\/Massage8.jpg\",\"contentUrl\":\"https:\/\/melanie-mordogan-naturopathe.fr\/wp-content\/uploads\/2021\/09\/Massage8.jpg\",\"width\":1920,\"height\":1200,\"caption\":\"MassageBalinais-M\u00e9lanie-Mordogan-naturpathe\"},{\"@type\":\"BreadcrumbList\",\"@id\":\"https:\/\/melanie-mordogan-naturopathe.fr\/?product=forfait-massage-traditionnel-balinais#breadcrumb\",\"itemListElement\":[{\"@type\":\"ListItem\",\"position\":1,\"name\":\"Accueil\",\"item\":\"https:\/\/melanie-mordogan-naturopathe.fr\/\"},{\"@type\":\"ListItem\",\"position\":2,\"name\":\"Boutique\",\"item\":\"https:\/\/melanie-mordogan-naturopathe.fr\/?page_id=269\"},{\"@type\":\"ListItem\",\"position\":3,\"name\":\"Forfait Massage Traditionnel Balinais (5x1h)\"}]},{\"@type\":\"WebSite\",\"@id\":\"https:\/\/melanie-mordogan-naturopathe.fr\/#website\",\"url\":\"https:\/\/melanie-mordogan-naturopathe.fr\/\",\"name\":\"M\u00e9lanie Mordogan NATUROPATHE - Nutrith\u00e9rapeute\",\"description\":\"\",\"potentialAction\":[{\"@type\":\"SearchAction\",\"target\":{\"@type\":\"EntryPoint\",\"urlTemplate\":\"https:\/\/melanie-mordogan-naturopathe.fr\/?s={search_term_string}\"},\"query-input\":{\"@type\":\"PropertyValueSpecification\",\"valueRequired\":true,\"valueName\":\"search_term_string\"}}],\"inLanguage\":\"fr-FR\"}]}<\/script>\n<!-- \/ Yoast SEO plugin. -->","yoast_head_json":{"title":"Forfait Massage Traditionnel Balinais (5x1h) - M\u00e9lanie Mordogan NATUROPATHE - Nutrith\u00e9rapeute","description":"Bon cadeau pour un forfait de 5 s\u00e9ances de Massage Traditionnel Balinais (1h). Les 5 s\u00e9ances sont \u00e0 utiliser dans les 6 mois. D\u00e9tente extr\u00eame","robots":{"index":"index","follow":"follow","max-snippet":"max-snippet:-1","max-image-preview":"max-image-preview:large","max-video-preview":"max-video-preview:-1"},"canonical":"https:\/\/melanie-mordogan-naturopathe.fr\/?product=forfait-massage-traditionnel-balinais","og_locale":"fr_FR","og_type":"article","og_title":"Forfait Massage Traditionnel Balinais (5x1h) - M\u00e9lanie Mordogan NATUROPATHE - Nutrith\u00e9rapeute","og_description":"Bon cadeau pour un forfait de 5 s\u00e9ances de Massage Traditionnel Balinais (1h). Les 5 s\u00e9ances sont \u00e0 utiliser dans les 6 mois. D\u00e9tente extr\u00eame","og_url":"https:\/\/melanie-mordogan-naturopathe.fr\/?product=forfait-massage-traditionnel-balinais","og_site_name":"M\u00e9lanie Mordogan NATUROPATHE - Nutrith\u00e9rapeute","article_modified_time":"2025-08-28T23:07:19+00:00","og_image":[{"width":1920,"height":1200,"url":"https:\/\/melanie-mordogan-naturopathe.fr\/wp-content\/uploads\/2021\/09\/Massage8.jpg","type":"image\/jpeg"}],"twitter_card":"summary_large_image","twitter_misc":{"Dur\u00e9e de lecture estim\u00e9e":"1 minute"},"schema":{"@context":"https:\/\/schema.org","@graph":[{"@type":"WebPage","@id":"https:\/\/melanie-mordogan-naturopathe.fr\/?product=forfait-massage-traditionnel-balinais","url":"https:\/\/melanie-mordogan-naturopathe.fr\/?product=forfait-massage-traditionnel-balinais","name":"Forfait Massage Traditionnel Balinais (5x1h) - M\u00e9lanie Mordogan NATUROPATHE - Nutrith\u00e9rapeute","isPartOf":{"@id":"https:\/\/melanie-mordogan-naturopathe.fr\/#website"},"primaryImageOfPage":{"@id":"https:\/\/melanie-mordogan-naturopathe.fr\/?product=forfait-massage-traditionnel-balinais#primaryimage"},"image":{"@id":"https:\/\/melanie-mordogan-naturopathe.fr\/?product=forfait-massage-traditionnel-balinais#primaryimage"},"thumbnailUrl":"https:\/\/melanie-mordogan-naturopathe.fr\/wp-content\/uploads\/2021\/09\/Massage8.jpg","datePublished":"2021-09-23T13:42:46+00:00","dateModified":"2025-08-28T23:07:19+00:00","description":"Bon cadeau pour un forfait de 5 s\u00e9ances de Massage Traditionnel Balinais (1h). Les 5 s\u00e9ances sont \u00e0 utiliser dans les 6 mois. D\u00e9tente extr\u00eame","breadcrumb":{"@id":"https:\/\/melanie-mordogan-naturopathe.fr\/?product=forfait-massage-traditionnel-balinais#breadcrumb"},"inLanguage":"fr-FR","potentialAction":[{"@type":"ReadAction","target":["https:\/\/melanie-mordogan-naturopathe.fr\/?product=forfait-massage-traditionnel-balinais"]}]},{"@type":"ImageObject","inLanguage":"fr-FR","@id":"https:\/\/melanie-mordogan-naturopathe.fr\/?product=forfait-massage-traditionnel-balinais#primaryimage","url":"https:\/\/melanie-mordogan-naturopathe.fr\/wp-content\/uploads\/2021\/09\/Massage8.jpg","contentUrl":"https:\/\/melanie-mordogan-naturopathe.fr\/wp-content\/uploads\/2021\/09\/Massage8.jpg","width":1920,"height":1200,"caption":"MassageBalinais-M\u00e9lanie-Mordogan-naturpathe"},{"@type":"BreadcrumbList","@id":"https:\/\/melanie-mordogan-naturopathe.fr\/?product=forfait-massage-traditionnel-balinais#breadcrumb","itemListElement":[{"@type":"ListItem","position":1,"name":"Accueil","item":"https:\/\/melanie-mordogan-naturopathe.fr\/"},{"@type":"ListItem","position":2,"name":"Boutique","item":"https:\/\/melanie-mordogan-naturopathe.fr\/?page_id=269"},{"@type":"ListItem","position":3,"name":"Forfait Massage Traditionnel Balinais (5x1h)"}]},{"@type":"WebSite","@id":"https:\/\/melanie-mordogan-naturopathe.fr\/#website","url":"https:\/\/melanie-mordogan-naturopathe.fr\/","name":"M\u00e9lanie Mordogan NATUROPATHE - Nutrith\u00e9rapeute","description":"","potentialAction":[{"@type":"SearchAction","target":{"@type":"EntryPoint","urlTemplate":"https:\/\/melanie-mordogan-naturopathe.fr\/?s={search_term_string}"},"query-input":{"@type":"PropertyValueSpecification","valueRequired":true,"valueName":"search_term_string"}}],"inLanguage":"fr-FR"}]}},"jetpack_sharing_enabled":true,"_links":{"self":[{"href":"https:\/\/melanie-mordogan-naturopathe.fr\/index.php?rest_route=\/wp\/v2\/product\/13434"}],"collection":[{"href":"https:\/\/melanie-mordogan-naturopathe.fr\/index.php?rest_route=\/wp\/v2\/product"}],"about":[{"href":"https:\/\/melanie-mordogan-naturopathe.fr\/index.php?rest_route=\/wp\/v2\/types\/product"}],"wp:featuredmedia":[{"embeddable":true,"href":"https:\/\/melanie-mordogan-naturopathe.fr\/index.php?rest_route=\/wp\/v2\/media\/13435"}],"wp:attachment":[{"href":"https:\/\/melanie-mordogan-naturopathe.fr\/index.php?rest_route=%2Fwp%2Fv2%2Fmedia&parent=13434"}],"wp:term":[{"taxonomy":"product_cat","embeddable":true,"href":"https:\/\/melanie-mordogan-naturopathe.fr\/index.php?rest_route=%2Fwp%2Fv2%2Fproduct_cat&post=13434"},{"taxonomy":"product_tag","embeddable":true,"href":"https:\/\/melanie-mordogan-naturopathe.fr\/index.php?rest_route=%2Fwp%2Fv2%2Fproduct_tag&post=13434"}],"curies":[{"name":"wp","href":"https:\/\/api.w.org\/{rel}","templated":true}]}}