{"id":2013,"date":"2019-10-10T10:02:13","date_gmt":"2019-10-10T10:02:13","guid":{"rendered":"https:\/\/melanie-mordogan-naturopathe.fr\/?post_type=product&#038;p=2013"},"modified":"2025-01-06T12:42:53","modified_gmt":"2025-01-06T12:42:53","slug":"formation-kobido-en-auto-massage","status":"publish","type":"product","link":"https:\/\/melanie-mordogan-naturopathe.fr\/?product=formation-kobido-en-auto-massage","title":{"rendered":"Formation Kobido en auto-massage"},"content":{"rendered":"<p><img loading=\"lazy\" decoding=\"async\" class=\"alignnone size-medium wp-image-200\" src=\"https:\/\/melanie-mordogan-naturopathe.fr\/wp-content\/uploads\/2019\/03\/Kobido-Le-Mas-Sage-1-e1551804332445-300x212.jpg\" alt=\"\" width=\"300\" height=\"212\" srcset=\"https:\/\/melanie-mordogan-naturopathe.fr\/wp-content\/uploads\/2019\/03\/Kobido-Le-Mas-Sage-1-e1551804332445-300x212.jpg 300w, https:\/\/melanie-mordogan-naturopathe.fr\/wp-content\/uploads\/2019\/03\/Kobido-Le-Mas-Sage-1-e1551804332445-420x297.jpg 420w, https:\/\/melanie-mordogan-naturopathe.fr\/wp-content\/uploads\/2019\/03\/Kobido-Le-Mas-Sage-1-e1551804332445-100x71.jpg 100w, https:\/\/melanie-mordogan-naturopathe.fr\/wp-content\/uploads\/2019\/03\/Kobido-Le-Mas-Sage-1-e1551804332445-230x162.jpg 230w, https:\/\/melanie-mordogan-naturopathe.fr\/wp-content\/uploads\/2019\/03\/Kobido-Le-Mas-Sage-1-e1551804332445-350x247.jpg 350w, https:\/\/melanie-mordogan-naturopathe.fr\/wp-content\/uploads\/2019\/03\/Kobido-Le-Mas-Sage-1-e1551804332445-480x339.jpg 480w, https:\/\/melanie-mordogan-naturopathe.fr\/wp-content\/uploads\/2019\/03\/Kobido-Le-Mas-Sage-1-e1551804332445.jpg 483w\" sizes=\"(max-width: 300px) 100vw, 300px\" \/><\/p>\n<p>Le Kobido est encore aujourd\u2019hui l\u2019une des techniques de beaut\u00e9 les plus efficaces.<br \/>\nCe massage ancestral japonais du visage permet de retrouver jeunesse et \u00e9clat.<br \/>\nIl tonifie la peau, assouplit les muscles, draine les toxines, stimule la circulation sanguine et \u00e9nerg\u00e9tique.<br \/>\nIl est apaisant, diminue le stress, favorise le sommeil et clarifie l\u2019esprit.<\/p>\n<p>C&rsquo;est un cadeau original et tr\u00e8s f\u00e9minin :<\/p>\n<p>1 journ\u00e9e de formation = un art de beaut\u00e9 utilisable \u00e0 vie !<\/p>\n<p><strong>Le protocole est transmis en auto-massage<\/strong>, ainsi il peut \u00eatre appliquer sur soi-m\u00eame aussi souvent que d\u00e9sir\u00e9, pour un visage lumineux, apais\u00e9, au teint \u00e9clatant.<\/p>\n<p>La journ\u00e9e de formation se d\u00e9roule ainsi :<\/p>\n<p>Formation partie 1 : 9h\/12h<br \/>\nFormation partie 2 : 14h\/17h00<\/p>\n<p>Partie 1 : techniques manuelles de 1\u00e8re partie du protocole (lissages, pincements, percussions).<br \/>\nPartie 2 : acupression : pressions des points d\u2019acupuncture du visage le long des m\u00e9ridiens.<br \/>\n<strong>Un support papier est remis en d\u00e9but de formation.<\/strong><\/p>\n<p><em>Co\u00fbt de la formation :<\/em><em><br \/>\nformation compl\u00e8te (parties 1+2) : 160 \u20ac<\/em><\/p>\n<p>Les places sont limit\u00e9es \u00e0 6 personnes par cession de formation.<\/p>\n<p><img loading=\"lazy\" decoding=\"async\" class=\"alignnone wp-image-436\" src=\"https:\/\/melanie-mordogan-naturopathe.fr\/wp-content\/uploads\/2019\/06\/secrets-300x227.jpg\" alt=\"\" width=\"215\" height=\"163\" srcset=\"https:\/\/melanie-mordogan-naturopathe.fr\/wp-content\/uploads\/2019\/06\/secrets-300x227.jpg 300w, https:\/\/melanie-mordogan-naturopathe.fr\/wp-content\/uploads\/2019\/06\/secrets-420x317.jpg 420w, https:\/\/melanie-mordogan-naturopathe.fr\/wp-content\/uploads\/2019\/06\/secrets-230x174.jpg 230w, https:\/\/melanie-mordogan-naturopathe.fr\/wp-content\/uploads\/2019\/06\/secrets-350x264.jpg 350w, https:\/\/melanie-mordogan-naturopathe.fr\/wp-content\/uploads\/2019\/06\/secrets-480x362.jpg 480w, https:\/\/melanie-mordogan-naturopathe.fr\/wp-content\/uploads\/2019\/06\/secrets.jpg 600w\" sizes=\"(max-width: 215px) 100vw, 215px\" \/><\/p>\n<p>T\u00e9moignages :<\/p>\n<p><em>\u00ab\u00a0M\u00e9lanie, je voulais te remercier pour cette magnifique journ\u00e9e MASSAGE KOBIDO riche en exp\u00e9riences et bonne humeur ! J\u2019appr\u00e9cie particuli\u00e8rement ta p\u00e9dagogie, ta patience, ton sourire pour accompagner le cours avec des personnes tout aussi agr\u00e9ables !<\/em><br \/>\n<em>Le cours \u00e9tait \u00e0 la fois pr\u00e9cis et rigoureux et plein de joie et de moments de complicit\u00e9 entre filles !<\/em><br \/>\n<em>Sur le plan des bienfaits : les ressentis sont incroyables. On se sent effectivement d\u00e9tendues et le visage l\u00e9ger, l\u2019\u00e9clat est au rdv, les odeurs d\u2019huile et d\u2019eau florale participent aussi au bien-\u00eatre\u2026<\/em><br \/>\n<em>Vraiment les promesses sont tenues. Je mets d\u2019ores et d\u00e9j\u00e0 en route ma nouvelle routine mais pense que je vais m\u2019octroyer \u00e9galement un massage par tes soins ! Je crois d\u2019ailleurs avoir d\u00e9j\u00e0 fait des \u00e9mules tant cet art attire et est tr\u00e8s efficace et bienfaisant !<\/em><br \/>\n<em>Merci encore \u00e0 toi !\u00a0\u00bb<\/em><br \/>\nKarine<\/p>\n<p><em>\u00ab\u00a0J\u2019ai particip\u00e9 au stage Kobido motiv\u00e9e par l\u2019envie de m\u2019accorder du temps, la curiosit\u00e9 de d\u00e9couvrir un massage de soi-m\u00eame par soi-m\u00eame et bien s\u00fbr \u00eatre accompagn\u00e9e de la bienveillance de M\u00e9lanie.<\/em><br \/>\n<em>Une semaine apr\u00e8s ce stage, tout le savoir et les gestes que vous nous avez transmis tout au long de cette journ\u00e9e sont l\u00e0, au bout des doigts. Le support papier constitue un guide pour conforter le geste, l\u2019enchainement des mouvements. Dimanche, install\u00e9e dans ma salle de bain, mon 1er auto massage Kobido a \u00e9t\u00e9 une r\u00e9ussite.<\/em><br \/>\n<em>C\u2019est un stage dont la r\u00e9p\u00e9tition des mouvements assure leur ancrage, parce qu\u2019ils sont parfois difficile \u00e0 ex\u00e9cuter avec minutie et pr\u00e9cision.<\/em><br \/>\n<em>Le r\u00e9sultat est remarquable; comme \u00e0 la fin de la journ\u00e9e d\u2019apprentissage, le visage s\u2019est \u00e9clairci, la peau est particuli\u00e8rement souple, elle accroche la lumi\u00e8re naturelle, le teint est lumineux, le visage est d\u00e9froiss\u00e9.<\/em><br \/>\n<em>Proposer ce stage est un v\u00e9ritable acte de g\u00e9n\u00e9rosit\u00e9, car c\u2019est transmettre avec pr\u00e9cision, minutie, attention et g\u00e9n\u00e9rosit\u00e9 une pratique gestuelle \u00e9labor\u00e9e, f\u00e9minine, riche d\u2019\u00e9tapes \u00e0 connaitre et \u00e0 maitriser que bon nombre de sachant pr\u00e9f\u00e8rerait conserver jalousement par devers eux pour leur propre enrichissement.<\/em><br \/>\n<em>La richesse n\u2019est pas celle que nous poss\u00e9dons mais celle que nous r\u00e9v\u00e9lons chez les autres !<\/em><br \/>\n<em>Je remercie bien sinc\u00e8rement M\u00e9lanie d\u2019avoir eu la chance de suivre ce stage.\u00a0\u00bb<\/em><br \/>\nRoselyne<\/p>\n<p><em>\u00ab\u00a0Cette formation a \u00e9t\u00e9 compl\u00e8te et tr\u00e8s enrichissante gr\u00e2ce \u00e0 M\u00e9lanie qui a r\u00e9ussi \u00e0 nous transmettre son savoir et a \u00e9t\u00e9 attentive \u00e0 chacun de nos gestes. Merci \u00e0 elle pour son \u00e9coute et sa bienveillance.\u00a0<\/em><br \/>\n<em>Les bienfaits du Kobido se sont vus d\u00e8s lors de cette journ\u00e9e de formation o\u00f9 nos visages \u00e9taient lumineux et apais\u00e9s. Ce fut un moment de d\u00e9tente et de bien-\u00eatre complet, j\u2019en suis ressortie plus apais\u00e9e. Un moment pour soi, dans une bulle.\u00a0\u00bb<\/em><br \/>\nEva<\/p>\n","protected":false},"excerpt":{"rendered":"<p>Formation Kobido en auto-massage sur 1 journ\u00e9e<\/p>\n","protected":false},"featured_media":200,"template":"","meta":[],"product_cat":[18],"product_tag":[],"yoast_head":"<!-- This site is optimized with the Yoast SEO plugin v24.5 - https:\/\/yoast.com\/wordpress\/plugins\/seo\/ -->\n<title>Formation Kobido en auto-massage - M\u00e9lanie Mordogan NATUROPATHE - Nutrith\u00e9rapeute<\/title>\n<meta name=\"robots\" content=\"index, follow, max-snippet:-1, max-image-preview:large, max-video-preview:-1\" \/>\n<link rel=\"canonical\" href=\"https:\/\/melanie-mordogan-naturopathe.fr\/?product=formation-kobido-en-auto-massage\" \/>\n<meta property=\"og:locale\" content=\"fr_FR\" \/>\n<meta property=\"og:type\" content=\"article\" \/>\n<meta property=\"og:title\" content=\"Formation Kobido en auto-massage - M\u00e9lanie Mordogan NATUROPATHE - Nutrith\u00e9rapeute\" \/>\n<meta property=\"og:description\" content=\"Formation Kobido en auto-massage sur 1 journ\u00e9e\" \/>\n<meta property=\"og:url\" content=\"https:\/\/melanie-mordogan-naturopathe.fr\/?product=formation-kobido-en-auto-massage\" \/>\n<meta property=\"og:site_name\" content=\"M\u00e9lanie Mordogan NATUROPATHE - Nutrith\u00e9rapeute\" \/>\n<meta property=\"article:modified_time\" content=\"2025-01-06T12:42:53+00:00\" \/>\n<meta property=\"og:image\" content=\"https:\/\/melanie-mordogan-naturopathe.fr\/wp-content\/uploads\/2019\/03\/Kobido-Le-Mas-Sage-1-e1551804332445.jpg\" \/>\n\t<meta property=\"og:image:width\" content=\"483\" \/>\n\t<meta property=\"og:image:height\" content=\"341\" \/>\n\t<meta property=\"og:image:type\" content=\"image\/jpeg\" \/>\n<meta name=\"twitter:card\" content=\"summary_large_image\" \/>\n<meta name=\"twitter:label1\" content=\"Dur\u00e9e de lecture estim\u00e9e\" \/>\n\t<meta name=\"twitter:data1\" content=\"4 minutes\" \/>\n<script type=\"application\/ld+json\" class=\"yoast-schema-graph\">{\"@context\":\"https:\/\/schema.org\",\"@graph\":[{\"@type\":\"WebPage\",\"@id\":\"https:\/\/melanie-mordogan-naturopathe.fr\/?product=formation-kobido-en-auto-massage\",\"url\":\"https:\/\/melanie-mordogan-naturopathe.fr\/?product=formation-kobido-en-auto-massage\",\"name\":\"Formation Kobido en auto-massage - M\u00e9lanie Mordogan NATUROPATHE - Nutrith\u00e9rapeute\",\"isPartOf\":{\"@id\":\"https:\/\/melanie-mordogan-naturopathe.fr\/#website\"},\"primaryImageOfPage\":{\"@id\":\"https:\/\/melanie-mordogan-naturopathe.fr\/?product=formation-kobido-en-auto-massage#primaryimage\"},\"image\":{\"@id\":\"https:\/\/melanie-mordogan-naturopathe.fr\/?product=formation-kobido-en-auto-massage#primaryimage\"},\"thumbnailUrl\":\"https:\/\/melanie-mordogan-naturopathe.fr\/wp-content\/uploads\/2019\/03\/Kobido-Le-Mas-Sage-1-e1551804332445.jpg\",\"datePublished\":\"2019-10-10T10:02:13+00:00\",\"dateModified\":\"2025-01-06T12:42:53+00:00\",\"breadcrumb\":{\"@id\":\"https:\/\/melanie-mordogan-naturopathe.fr\/?product=formation-kobido-en-auto-massage#breadcrumb\"},\"inLanguage\":\"fr-FR\",\"potentialAction\":[{\"@type\":\"ReadAction\",\"target\":[\"https:\/\/melanie-mordogan-naturopathe.fr\/?product=formation-kobido-en-auto-massage\"]}]},{\"@type\":\"ImageObject\",\"inLanguage\":\"fr-FR\",\"@id\":\"https:\/\/melanie-mordogan-naturopathe.fr\/?product=formation-kobido-en-auto-massage#primaryimage\",\"url\":\"https:\/\/melanie-mordogan-naturopathe.fr\/wp-content\/uploads\/2019\/03\/Kobido-Le-Mas-Sage-1-e1551804332445.jpg\",\"contentUrl\":\"https:\/\/melanie-mordogan-naturopathe.fr\/wp-content\/uploads\/2019\/03\/Kobido-Le-Mas-Sage-1-e1551804332445.jpg\",\"width\":483,\"height\":341},{\"@type\":\"BreadcrumbList\",\"@id\":\"https:\/\/melanie-mordogan-naturopathe.fr\/?product=formation-kobido-en-auto-massage#breadcrumb\",\"itemListElement\":[{\"@type\":\"ListItem\",\"position\":1,\"name\":\"Accueil\",\"item\":\"https:\/\/melanie-mordogan-naturopathe.fr\/\"},{\"@type\":\"ListItem\",\"position\":2,\"name\":\"Boutique\",\"item\":\"https:\/\/melanie-mordogan-naturopathe.fr\/?page_id=269\"},{\"@type\":\"ListItem\",\"position\":3,\"name\":\"Formation Kobido en auto-massage\"}]},{\"@type\":\"WebSite\",\"@id\":\"https:\/\/melanie-mordogan-naturopathe.fr\/#website\",\"url\":\"https:\/\/melanie-mordogan-naturopathe.fr\/\",\"name\":\"M\u00e9lanie Mordogan NATUROPATHE - Nutrith\u00e9rapeute\",\"description\":\"\",\"potentialAction\":[{\"@type\":\"SearchAction\",\"target\":{\"@type\":\"EntryPoint\",\"urlTemplate\":\"https:\/\/melanie-mordogan-naturopathe.fr\/?s={search_term_string}\"},\"query-input\":{\"@type\":\"PropertyValueSpecification\",\"valueRequired\":true,\"valueName\":\"search_term_string\"}}],\"inLanguage\":\"fr-FR\"}]}<\/script>\n<!-- \/ Yoast SEO plugin. -->","yoast_head_json":{"title":"Formation Kobido en auto-massage - M\u00e9lanie Mordogan NATUROPATHE - Nutrith\u00e9rapeute","robots":{"index":"index","follow":"follow","max-snippet":"max-snippet:-1","max-image-preview":"max-image-preview:large","max-video-preview":"max-video-preview:-1"},"canonical":"https:\/\/melanie-mordogan-naturopathe.fr\/?product=formation-kobido-en-auto-massage","og_locale":"fr_FR","og_type":"article","og_title":"Formation Kobido en auto-massage - M\u00e9lanie Mordogan NATUROPATHE - Nutrith\u00e9rapeute","og_description":"Formation Kobido en auto-massage sur 1 journ\u00e9e","og_url":"https:\/\/melanie-mordogan-naturopathe.fr\/?product=formation-kobido-en-auto-massage","og_site_name":"M\u00e9lanie Mordogan NATUROPATHE - Nutrith\u00e9rapeute","article_modified_time":"2025-01-06T12:42:53+00:00","og_image":[{"width":483,"height":341,"url":"https:\/\/melanie-mordogan-naturopathe.fr\/wp-content\/uploads\/2019\/03\/Kobido-Le-Mas-Sage-1-e1551804332445.jpg","type":"image\/jpeg"}],"twitter_card":"summary_large_image","twitter_misc":{"Dur\u00e9e de lecture estim\u00e9e":"4 minutes"},"schema":{"@context":"https:\/\/schema.org","@graph":[{"@type":"WebPage","@id":"https:\/\/melanie-mordogan-naturopathe.fr\/?product=formation-kobido-en-auto-massage","url":"https:\/\/melanie-mordogan-naturopathe.fr\/?product=formation-kobido-en-auto-massage","name":"Formation Kobido en auto-massage - M\u00e9lanie Mordogan NATUROPATHE - Nutrith\u00e9rapeute","isPartOf":{"@id":"https:\/\/melanie-mordogan-naturopathe.fr\/#website"},"primaryImageOfPage":{"@id":"https:\/\/melanie-mordogan-naturopathe.fr\/?product=formation-kobido-en-auto-massage#primaryimage"},"image":{"@id":"https:\/\/melanie-mordogan-naturopathe.fr\/?product=formation-kobido-en-auto-massage#primaryimage"},"thumbnailUrl":"https:\/\/melanie-mordogan-naturopathe.fr\/wp-content\/uploads\/2019\/03\/Kobido-Le-Mas-Sage-1-e1551804332445.jpg","datePublished":"2019-10-10T10:02:13+00:00","dateModified":"2025-01-06T12:42:53+00:00","breadcrumb":{"@id":"https:\/\/melanie-mordogan-naturopathe.fr\/?product=formation-kobido-en-auto-massage#breadcrumb"},"inLanguage":"fr-FR","potentialAction":[{"@type":"ReadAction","target":["https:\/\/melanie-mordogan-naturopathe.fr\/?product=formation-kobido-en-auto-massage"]}]},{"@type":"ImageObject","inLanguage":"fr-FR","@id":"https:\/\/melanie-mordogan-naturopathe.fr\/?product=formation-kobido-en-auto-massage#primaryimage","url":"https:\/\/melanie-mordogan-naturopathe.fr\/wp-content\/uploads\/2019\/03\/Kobido-Le-Mas-Sage-1-e1551804332445.jpg","contentUrl":"https:\/\/melanie-mordogan-naturopathe.fr\/wp-content\/uploads\/2019\/03\/Kobido-Le-Mas-Sage-1-e1551804332445.jpg","width":483,"height":341},{"@type":"BreadcrumbList","@id":"https:\/\/melanie-mordogan-naturopathe.fr\/?product=formation-kobido-en-auto-massage#breadcrumb","itemListElement":[{"@type":"ListItem","position":1,"name":"Accueil","item":"https:\/\/melanie-mordogan-naturopathe.fr\/"},{"@type":"ListItem","position":2,"name":"Boutique","item":"https:\/\/melanie-mordogan-naturopathe.fr\/?page_id=269"},{"@type":"ListItem","position":3,"name":"Formation Kobido en auto-massage"}]},{"@type":"WebSite","@id":"https:\/\/melanie-mordogan-naturopathe.fr\/#website","url":"https:\/\/melanie-mordogan-naturopathe.fr\/","name":"M\u00e9lanie Mordogan NATUROPATHE - Nutrith\u00e9rapeute","description":"","potentialAction":[{"@type":"SearchAction","target":{"@type":"EntryPoint","urlTemplate":"https:\/\/melanie-mordogan-naturopathe.fr\/?s={search_term_string}"},"query-input":{"@type":"PropertyValueSpecification","valueRequired":true,"valueName":"search_term_string"}}],"inLanguage":"fr-FR"}]}},"jetpack_sharing_enabled":true,"_links":{"self":[{"href":"https:\/\/melanie-mordogan-naturopathe.fr\/index.php?rest_route=\/wp\/v2\/product\/2013"}],"collection":[{"href":"https:\/\/melanie-mordogan-naturopathe.fr\/index.php?rest_route=\/wp\/v2\/product"}],"about":[{"href":"https:\/\/melanie-mordogan-naturopathe.fr\/index.php?rest_route=\/wp\/v2\/types\/product"}],"wp:featuredmedia":[{"embeddable":true,"href":"https:\/\/melanie-mordogan-naturopathe.fr\/index.php?rest_route=\/wp\/v2\/media\/200"}],"wp:attachment":[{"href":"https:\/\/melanie-mordogan-naturopathe.fr\/index.php?rest_route=%2Fwp%2Fv2%2Fmedia&parent=2013"}],"wp:term":[{"taxonomy":"product_cat","embeddable":true,"href":"https:\/\/melanie-mordogan-naturopathe.fr\/index.php?rest_route=%2Fwp%2Fv2%2Fproduct_cat&post=2013"},{"taxonomy":"product_tag","embeddable":true,"href":"https:\/\/melanie-mordogan-naturopathe.fr\/index.php?rest_route=%2Fwp%2Fv2%2Fproduct_tag&post=2013"}],"curies":[{"name":"wp","href":"https:\/\/api.w.org\/{rel}","templated":true}]}}