{"id":293,"date":"2019-06-18T07:43:48","date_gmt":"2019-06-18T07:43:48","guid":{"rendered":"https:\/\/melanie-mordogan-naturopathe.fr\/?post_type=product&#038;p=293"},"modified":"2025-08-28T23:08:36","modified_gmt":"2025-08-28T23:08:36","slug":"kobido-1h","status":"publish","type":"product","link":"https:\/\/melanie-mordogan-naturopathe.fr\/?product=kobido-1h","title":{"rendered":"Kobido (1 heure)"},"content":{"rendered":"<p>Modelage du visage r\u00e9serv\u00e9 aux dames.<\/p>\n<p>Anti-rides ancestral japonais, le Kobido stimule l&rsquo;ensemble de la circulation \u00e9nerg\u00e9tique du visage et du cou.<br \/>\nIl est encore aujourd&rsquo;hui l&rsquo;une des techniques de beaut\u00e9 les plus efficaces : des muscles souples et toniques, une peau purifi\u00e9e au teint \u00e9clatant.<br \/>\nSa pratique r\u00e9guli\u00e8re permet de prolonger ou de retrouver la jeunesse du visage.<\/p>\n<p>Les bienfaits du Kobido :<\/p>\n<ul>\n<li>diminution des rides<\/li>\n<li>assouplissement musculaire<\/li>\n<li>tonification de la peau<\/li>\n<li>am\u00e9lioration de la circulation<\/li>\n<li>clarification de l&rsquo;esprit<\/li>\n<li>d\u00e9tente et relaxation<\/li>\n<li>am\u00e9lioration du sommeil<\/li>\n<li>r\u00e9duction du stress<\/li>\n<\/ul>\n","protected":false},"excerpt":{"rendered":"<p>Massage ancestral japonais du visage et du cou.<\/p>\n","protected":false},"featured_media":200,"template":"","meta":[],"product_cat":[19],"product_tag":[],"yoast_head":"<!-- This site is optimized with the Yoast SEO plugin v24.5 - https:\/\/yoast.com\/wordpress\/plugins\/seo\/ -->\n<title>Kobido (1 heure) - M\u00e9lanie Mordogan NATUROPATHE - Nutrith\u00e9rapeute<\/title>\n<meta name=\"robots\" content=\"index, follow, max-snippet:-1, max-image-preview:large, max-video-preview:-1\" \/>\n<link rel=\"canonical\" href=\"https:\/\/melanie-mordogan-naturopathe.fr\/?product=kobido-1h\" \/>\n<meta property=\"og:locale\" content=\"fr_FR\" \/>\n<meta property=\"og:type\" content=\"article\" \/>\n<meta property=\"og:title\" content=\"Kobido (1 heure) - M\u00e9lanie Mordogan NATUROPATHE - Nutrith\u00e9rapeute\" \/>\n<meta property=\"og:description\" content=\"Massage ancestral japonais du visage et du cou.\" \/>\n<meta property=\"og:url\" content=\"https:\/\/melanie-mordogan-naturopathe.fr\/?product=kobido-1h\" \/>\n<meta property=\"og:site_name\" content=\"M\u00e9lanie Mordogan NATUROPATHE - Nutrith\u00e9rapeute\" \/>\n<meta property=\"article:modified_time\" content=\"2025-08-28T23:08:36+00:00\" \/>\n<meta property=\"og:image\" content=\"https:\/\/melanie-mordogan-naturopathe.fr\/wp-content\/uploads\/2019\/03\/Kobido-Le-Mas-Sage-1-e1551804332445.jpg\" \/>\n\t<meta property=\"og:image:width\" content=\"483\" \/>\n\t<meta property=\"og:image:height\" content=\"341\" \/>\n\t<meta property=\"og:image:type\" content=\"image\/jpeg\" \/>\n<meta name=\"twitter:card\" content=\"summary_large_image\" \/>\n<script type=\"application\/ld+json\" class=\"yoast-schema-graph\">{\"@context\":\"https:\/\/schema.org\",\"@graph\":[{\"@type\":\"WebPage\",\"@id\":\"https:\/\/melanie-mordogan-naturopathe.fr\/?product=kobido-1h\",\"url\":\"https:\/\/melanie-mordogan-naturopathe.fr\/?product=kobido-1h\",\"name\":\"Kobido (1 heure) - M\u00e9lanie Mordogan NATUROPATHE - Nutrith\u00e9rapeute\",\"isPartOf\":{\"@id\":\"https:\/\/melanie-mordogan-naturopathe.fr\/#website\"},\"primaryImageOfPage\":{\"@id\":\"https:\/\/melanie-mordogan-naturopathe.fr\/?product=kobido-1h#primaryimage\"},\"image\":{\"@id\":\"https:\/\/melanie-mordogan-naturopathe.fr\/?product=kobido-1h#primaryimage\"},\"thumbnailUrl\":\"https:\/\/melanie-mordogan-naturopathe.fr\/wp-content\/uploads\/2019\/03\/Kobido-Le-Mas-Sage-1-e1551804332445.jpg\",\"datePublished\":\"2019-06-18T07:43:48+00:00\",\"dateModified\":\"2025-08-28T23:08:36+00:00\",\"breadcrumb\":{\"@id\":\"https:\/\/melanie-mordogan-naturopathe.fr\/?product=kobido-1h#breadcrumb\"},\"inLanguage\":\"fr-FR\",\"potentialAction\":[{\"@type\":\"ReadAction\",\"target\":[\"https:\/\/melanie-mordogan-naturopathe.fr\/?product=kobido-1h\"]}]},{\"@type\":\"ImageObject\",\"inLanguage\":\"fr-FR\",\"@id\":\"https:\/\/melanie-mordogan-naturopathe.fr\/?product=kobido-1h#primaryimage\",\"url\":\"https:\/\/melanie-mordogan-naturopathe.fr\/wp-content\/uploads\/2019\/03\/Kobido-Le-Mas-Sage-1-e1551804332445.jpg\",\"contentUrl\":\"https:\/\/melanie-mordogan-naturopathe.fr\/wp-content\/uploads\/2019\/03\/Kobido-Le-Mas-Sage-1-e1551804332445.jpg\",\"width\":483,\"height\":341},{\"@type\":\"BreadcrumbList\",\"@id\":\"https:\/\/melanie-mordogan-naturopathe.fr\/?product=kobido-1h#breadcrumb\",\"itemListElement\":[{\"@type\":\"ListItem\",\"position\":1,\"name\":\"Accueil\",\"item\":\"https:\/\/melanie-mordogan-naturopathe.fr\/\"},{\"@type\":\"ListItem\",\"position\":2,\"name\":\"Boutique\",\"item\":\"https:\/\/melanie-mordogan-naturopathe.fr\/?page_id=269\"},{\"@type\":\"ListItem\",\"position\":3,\"name\":\"Kobido (1 heure)\"}]},{\"@type\":\"WebSite\",\"@id\":\"https:\/\/melanie-mordogan-naturopathe.fr\/#website\",\"url\":\"https:\/\/melanie-mordogan-naturopathe.fr\/\",\"name\":\"M\u00e9lanie Mordogan NATUROPATHE - Nutrith\u00e9rapeute\",\"description\":\"\",\"potentialAction\":[{\"@type\":\"SearchAction\",\"target\":{\"@type\":\"EntryPoint\",\"urlTemplate\":\"https:\/\/melanie-mordogan-naturopathe.fr\/?s={search_term_string}\"},\"query-input\":{\"@type\":\"PropertyValueSpecification\",\"valueRequired\":true,\"valueName\":\"search_term_string\"}}],\"inLanguage\":\"fr-FR\"}]}<\/script>\n<!-- \/ Yoast SEO plugin. -->","yoast_head_json":{"title":"Kobido (1 heure) - M\u00e9lanie Mordogan NATUROPATHE - Nutrith\u00e9rapeute","robots":{"index":"index","follow":"follow","max-snippet":"max-snippet:-1","max-image-preview":"max-image-preview:large","max-video-preview":"max-video-preview:-1"},"canonical":"https:\/\/melanie-mordogan-naturopathe.fr\/?product=kobido-1h","og_locale":"fr_FR","og_type":"article","og_title":"Kobido (1 heure) - M\u00e9lanie Mordogan NATUROPATHE - Nutrith\u00e9rapeute","og_description":"Massage ancestral japonais du visage et du cou.","og_url":"https:\/\/melanie-mordogan-naturopathe.fr\/?product=kobido-1h","og_site_name":"M\u00e9lanie Mordogan NATUROPATHE - Nutrith\u00e9rapeute","article_modified_time":"2025-08-28T23:08:36+00:00","og_image":[{"width":483,"height":341,"url":"https:\/\/melanie-mordogan-naturopathe.fr\/wp-content\/uploads\/2019\/03\/Kobido-Le-Mas-Sage-1-e1551804332445.jpg","type":"image\/jpeg"}],"twitter_card":"summary_large_image","schema":{"@context":"https:\/\/schema.org","@graph":[{"@type":"WebPage","@id":"https:\/\/melanie-mordogan-naturopathe.fr\/?product=kobido-1h","url":"https:\/\/melanie-mordogan-naturopathe.fr\/?product=kobido-1h","name":"Kobido (1 heure) - M\u00e9lanie Mordogan NATUROPATHE - Nutrith\u00e9rapeute","isPartOf":{"@id":"https:\/\/melanie-mordogan-naturopathe.fr\/#website"},"primaryImageOfPage":{"@id":"https:\/\/melanie-mordogan-naturopathe.fr\/?product=kobido-1h#primaryimage"},"image":{"@id":"https:\/\/melanie-mordogan-naturopathe.fr\/?product=kobido-1h#primaryimage"},"thumbnailUrl":"https:\/\/melanie-mordogan-naturopathe.fr\/wp-content\/uploads\/2019\/03\/Kobido-Le-Mas-Sage-1-e1551804332445.jpg","datePublished":"2019-06-18T07:43:48+00:00","dateModified":"2025-08-28T23:08:36+00:00","breadcrumb":{"@id":"https:\/\/melanie-mordogan-naturopathe.fr\/?product=kobido-1h#breadcrumb"},"inLanguage":"fr-FR","potentialAction":[{"@type":"ReadAction","target":["https:\/\/melanie-mordogan-naturopathe.fr\/?product=kobido-1h"]}]},{"@type":"ImageObject","inLanguage":"fr-FR","@id":"https:\/\/melanie-mordogan-naturopathe.fr\/?product=kobido-1h#primaryimage","url":"https:\/\/melanie-mordogan-naturopathe.fr\/wp-content\/uploads\/2019\/03\/Kobido-Le-Mas-Sage-1-e1551804332445.jpg","contentUrl":"https:\/\/melanie-mordogan-naturopathe.fr\/wp-content\/uploads\/2019\/03\/Kobido-Le-Mas-Sage-1-e1551804332445.jpg","width":483,"height":341},{"@type":"BreadcrumbList","@id":"https:\/\/melanie-mordogan-naturopathe.fr\/?product=kobido-1h#breadcrumb","itemListElement":[{"@type":"ListItem","position":1,"name":"Accueil","item":"https:\/\/melanie-mordogan-naturopathe.fr\/"},{"@type":"ListItem","position":2,"name":"Boutique","item":"https:\/\/melanie-mordogan-naturopathe.fr\/?page_id=269"},{"@type":"ListItem","position":3,"name":"Kobido (1 heure)"}]},{"@type":"WebSite","@id":"https:\/\/melanie-mordogan-naturopathe.fr\/#website","url":"https:\/\/melanie-mordogan-naturopathe.fr\/","name":"M\u00e9lanie Mordogan NATUROPATHE - Nutrith\u00e9rapeute","description":"","potentialAction":[{"@type":"SearchAction","target":{"@type":"EntryPoint","urlTemplate":"https:\/\/melanie-mordogan-naturopathe.fr\/?s={search_term_string}"},"query-input":{"@type":"PropertyValueSpecification","valueRequired":true,"valueName":"search_term_string"}}],"inLanguage":"fr-FR"}]}},"jetpack_sharing_enabled":true,"_links":{"self":[{"href":"https:\/\/melanie-mordogan-naturopathe.fr\/index.php?rest_route=\/wp\/v2\/product\/293"}],"collection":[{"href":"https:\/\/melanie-mordogan-naturopathe.fr\/index.php?rest_route=\/wp\/v2\/product"}],"about":[{"href":"https:\/\/melanie-mordogan-naturopathe.fr\/index.php?rest_route=\/wp\/v2\/types\/product"}],"wp:featuredmedia":[{"embeddable":true,"href":"https:\/\/melanie-mordogan-naturopathe.fr\/index.php?rest_route=\/wp\/v2\/media\/200"}],"wp:attachment":[{"href":"https:\/\/melanie-mordogan-naturopathe.fr\/index.php?rest_route=%2Fwp%2Fv2%2Fmedia&parent=293"}],"wp:term":[{"taxonomy":"product_cat","embeddable":true,"href":"https:\/\/melanie-mordogan-naturopathe.fr\/index.php?rest_route=%2Fwp%2Fv2%2Fproduct_cat&post=293"},{"taxonomy":"product_tag","embeddable":true,"href":"https:\/\/melanie-mordogan-naturopathe.fr\/index.php?rest_route=%2Fwp%2Fv2%2Fproduct_tag&post=293"}],"curies":[{"name":"wp","href":"https:\/\/api.w.org\/{rel}","templated":true}]}}