{"id":315,"date":"2019-06-18T12:19:47","date_gmt":"2019-06-18T12:19:47","guid":{"rendered":"https:\/\/melanie-mordogan-naturopathe.fr\/?post_type=product&#038;p=315"},"modified":"2025-08-28T23:08:01","modified_gmt":"2025-08-28T23:08:01","slug":"bilan-de-vitalite-naturopathie","status":"publish","type":"product","link":"https:\/\/melanie-mordogan-naturopathe.fr\/?product=bilan-de-vitalite-naturopathie","title":{"rendered":"Bilan de vitalit\u00e9 &#8211; naturopathie (1h30)"},"content":{"rendered":"<p>La naturopathie est la 3\u00e8me m\u00e9decine traditionnelle mondiale selon l&rsquo;OMS.<\/p>\n<p>Elle puise son origine dans l&rsquo;Antiquit\u00e9 et respecte les 5 principes d&rsquo;Hippocrate :<br \/>\n&#8211; En premier lieu ne pas nuire<br \/>\n&#8211; La Nature est gu\u00e9risseuse<br \/>\n&#8211; Identifier et traiter la cause<br \/>\n&#8211; D\u00e9toxifier et purifier l&rsquo;organisme<br \/>\n&#8211; Enseigner<\/p>\n<p>Cette pratique de sant\u00e9 consid\u00e8re l&rsquo;\u00eatre humain dans sa globalit\u00e9 et, gr\u00e2ce \u00e0 des outils tels que l&rsquo;alimentation, la gestion du stress, l&rsquo;aromath\u00e9rapie, la phytoth\u00e9rapie, les fleurs de Bach (&#8230;), elle aide chacun \u00e0 retrouver un \u00e9quilibre sur les plans physique, psychique et \u00e9motionnel.<\/p>\n<p>La naturopathie vous donne les cl\u00e9s pour rester en pleine sant\u00e9 et vitalit\u00e9 \u00e0 tous les \u00e2ges.<\/p>\n<p>Cette s\u00e9ance consiste en un entretien qui permet de r\u00e9colter tous les \u00e9l\u00e9ments afin d&rsquo;effectuer un bilan de vitalit\u00e9 puis donner des conseils personnalis\u00e9s.<\/p>\n","protected":false},"excerpt":{"rendered":"<p>S\u00e9ance de naturopathie :\u00a0Bilan de vitalit\u00e9 et conseils personnalis\u00e9s.<\/p>\n","protected":false},"featured_media":112,"template":"","meta":[],"product_cat":[21],"product_tag":[],"yoast_head":"<!-- This site is optimized with the Yoast SEO plugin v24.5 - https:\/\/yoast.com\/wordpress\/plugins\/seo\/ -->\n<title>Bilan de vitalit\u00e9 - naturopathie (1h30) - M\u00e9lanie Mordogan NATUROPATHE - Nutrith\u00e9rapeute<\/title>\n<meta name=\"robots\" content=\"index, follow, max-snippet:-1, max-image-preview:large, max-video-preview:-1\" \/>\n<link rel=\"canonical\" href=\"https:\/\/melanie-mordogan-naturopathe.fr\/?product=bilan-de-vitalite-naturopathie\" \/>\n<meta property=\"og:locale\" content=\"fr_FR\" \/>\n<meta property=\"og:type\" content=\"article\" \/>\n<meta property=\"og:title\" content=\"Bilan de vitalit\u00e9 - naturopathie (1h30) - M\u00e9lanie Mordogan NATUROPATHE - Nutrith\u00e9rapeute\" \/>\n<meta property=\"og:description\" content=\"S\u00e9ance de naturopathie :\u00a0Bilan de vitalit\u00e9 et conseils personnalis\u00e9s.\" \/>\n<meta property=\"og:url\" content=\"https:\/\/melanie-mordogan-naturopathe.fr\/?product=bilan-de-vitalite-naturopathie\" \/>\n<meta property=\"og:site_name\" content=\"M\u00e9lanie Mordogan NATUROPATHE - Nutrith\u00e9rapeute\" \/>\n<meta property=\"article:modified_time\" content=\"2025-08-28T23:08:01+00:00\" \/>\n<meta property=\"og:image\" content=\"https:\/\/melanie-mordogan-naturopathe.fr\/wp-content\/uploads\/2018\/09\/amy-treasure-65664-unsplash-scaled.jpg\" \/>\n\t<meta property=\"og:image:width\" content=\"2560\" \/>\n\t<meta property=\"og:image:height\" content=\"1707\" \/>\n\t<meta property=\"og:image:type\" content=\"image\/jpeg\" \/>\n<meta name=\"twitter:card\" content=\"summary_large_image\" \/>\n<meta name=\"twitter:label1\" content=\"Dur\u00e9e de lecture estim\u00e9e\" \/>\n\t<meta name=\"twitter:data1\" content=\"1 minute\" \/>\n<script type=\"application\/ld+json\" class=\"yoast-schema-graph\">{\"@context\":\"https:\/\/schema.org\",\"@graph\":[{\"@type\":\"WebPage\",\"@id\":\"https:\/\/melanie-mordogan-naturopathe.fr\/?product=bilan-de-vitalite-naturopathie\",\"url\":\"https:\/\/melanie-mordogan-naturopathe.fr\/?product=bilan-de-vitalite-naturopathie\",\"name\":\"Bilan de vitalit\u00e9 - naturopathie (1h30) - M\u00e9lanie Mordogan NATUROPATHE - Nutrith\u00e9rapeute\",\"isPartOf\":{\"@id\":\"https:\/\/melanie-mordogan-naturopathe.fr\/#website\"},\"primaryImageOfPage\":{\"@id\":\"https:\/\/melanie-mordogan-naturopathe.fr\/?product=bilan-de-vitalite-naturopathie#primaryimage\"},\"image\":{\"@id\":\"https:\/\/melanie-mordogan-naturopathe.fr\/?product=bilan-de-vitalite-naturopathie#primaryimage\"},\"thumbnailUrl\":\"https:\/\/melanie-mordogan-naturopathe.fr\/wp-content\/uploads\/2018\/09\/amy-treasure-65664-unsplash-scaled.jpg\",\"datePublished\":\"2019-06-18T12:19:47+00:00\",\"dateModified\":\"2025-08-28T23:08:01+00:00\",\"breadcrumb\":{\"@id\":\"https:\/\/melanie-mordogan-naturopathe.fr\/?product=bilan-de-vitalite-naturopathie#breadcrumb\"},\"inLanguage\":\"fr-FR\",\"potentialAction\":[{\"@type\":\"ReadAction\",\"target\":[\"https:\/\/melanie-mordogan-naturopathe.fr\/?product=bilan-de-vitalite-naturopathie\"]}]},{\"@type\":\"ImageObject\",\"inLanguage\":\"fr-FR\",\"@id\":\"https:\/\/melanie-mordogan-naturopathe.fr\/?product=bilan-de-vitalite-naturopathie#primaryimage\",\"url\":\"https:\/\/melanie-mordogan-naturopathe.fr\/wp-content\/uploads\/2018\/09\/amy-treasure-65664-unsplash-scaled.jpg\",\"contentUrl\":\"https:\/\/melanie-mordogan-naturopathe.fr\/wp-content\/uploads\/2018\/09\/amy-treasure-65664-unsplash-scaled.jpg\",\"width\":2560,\"height\":1707},{\"@type\":\"BreadcrumbList\",\"@id\":\"https:\/\/melanie-mordogan-naturopathe.fr\/?product=bilan-de-vitalite-naturopathie#breadcrumb\",\"itemListElement\":[{\"@type\":\"ListItem\",\"position\":1,\"name\":\"Accueil\",\"item\":\"https:\/\/melanie-mordogan-naturopathe.fr\/\"},{\"@type\":\"ListItem\",\"position\":2,\"name\":\"Boutique\",\"item\":\"https:\/\/melanie-mordogan-naturopathe.fr\/?page_id=269\"},{\"@type\":\"ListItem\",\"position\":3,\"name\":\"Bilan de vitalit\u00e9 &#8211; naturopathie (1h30)\"}]},{\"@type\":\"WebSite\",\"@id\":\"https:\/\/melanie-mordogan-naturopathe.fr\/#website\",\"url\":\"https:\/\/melanie-mordogan-naturopathe.fr\/\",\"name\":\"M\u00e9lanie Mordogan NATUROPATHE - Nutrith\u00e9rapeute\",\"description\":\"\",\"potentialAction\":[{\"@type\":\"SearchAction\",\"target\":{\"@type\":\"EntryPoint\",\"urlTemplate\":\"https:\/\/melanie-mordogan-naturopathe.fr\/?s={search_term_string}\"},\"query-input\":{\"@type\":\"PropertyValueSpecification\",\"valueRequired\":true,\"valueName\":\"search_term_string\"}}],\"inLanguage\":\"fr-FR\"}]}<\/script>\n<!-- \/ Yoast SEO plugin. -->","yoast_head_json":{"title":"Bilan de vitalit\u00e9 - naturopathie (1h30) - M\u00e9lanie Mordogan NATUROPATHE - Nutrith\u00e9rapeute","robots":{"index":"index","follow":"follow","max-snippet":"max-snippet:-1","max-image-preview":"max-image-preview:large","max-video-preview":"max-video-preview:-1"},"canonical":"https:\/\/melanie-mordogan-naturopathe.fr\/?product=bilan-de-vitalite-naturopathie","og_locale":"fr_FR","og_type":"article","og_title":"Bilan de vitalit\u00e9 - naturopathie (1h30) - M\u00e9lanie Mordogan NATUROPATHE - Nutrith\u00e9rapeute","og_description":"S\u00e9ance de naturopathie :\u00a0Bilan de vitalit\u00e9 et conseils personnalis\u00e9s.","og_url":"https:\/\/melanie-mordogan-naturopathe.fr\/?product=bilan-de-vitalite-naturopathie","og_site_name":"M\u00e9lanie Mordogan NATUROPATHE - Nutrith\u00e9rapeute","article_modified_time":"2025-08-28T23:08:01+00:00","og_image":[{"width":2560,"height":1707,"url":"https:\/\/melanie-mordogan-naturopathe.fr\/wp-content\/uploads\/2018\/09\/amy-treasure-65664-unsplash-scaled.jpg","type":"image\/jpeg"}],"twitter_card":"summary_large_image","twitter_misc":{"Dur\u00e9e de lecture estim\u00e9e":"1 minute"},"schema":{"@context":"https:\/\/schema.org","@graph":[{"@type":"WebPage","@id":"https:\/\/melanie-mordogan-naturopathe.fr\/?product=bilan-de-vitalite-naturopathie","url":"https:\/\/melanie-mordogan-naturopathe.fr\/?product=bilan-de-vitalite-naturopathie","name":"Bilan de vitalit\u00e9 - naturopathie (1h30) - M\u00e9lanie Mordogan NATUROPATHE - Nutrith\u00e9rapeute","isPartOf":{"@id":"https:\/\/melanie-mordogan-naturopathe.fr\/#website"},"primaryImageOfPage":{"@id":"https:\/\/melanie-mordogan-naturopathe.fr\/?product=bilan-de-vitalite-naturopathie#primaryimage"},"image":{"@id":"https:\/\/melanie-mordogan-naturopathe.fr\/?product=bilan-de-vitalite-naturopathie#primaryimage"},"thumbnailUrl":"https:\/\/melanie-mordogan-naturopathe.fr\/wp-content\/uploads\/2018\/09\/amy-treasure-65664-unsplash-scaled.jpg","datePublished":"2019-06-18T12:19:47+00:00","dateModified":"2025-08-28T23:08:01+00:00","breadcrumb":{"@id":"https:\/\/melanie-mordogan-naturopathe.fr\/?product=bilan-de-vitalite-naturopathie#breadcrumb"},"inLanguage":"fr-FR","potentialAction":[{"@type":"ReadAction","target":["https:\/\/melanie-mordogan-naturopathe.fr\/?product=bilan-de-vitalite-naturopathie"]}]},{"@type":"ImageObject","inLanguage":"fr-FR","@id":"https:\/\/melanie-mordogan-naturopathe.fr\/?product=bilan-de-vitalite-naturopathie#primaryimage","url":"https:\/\/melanie-mordogan-naturopathe.fr\/wp-content\/uploads\/2018\/09\/amy-treasure-65664-unsplash-scaled.jpg","contentUrl":"https:\/\/melanie-mordogan-naturopathe.fr\/wp-content\/uploads\/2018\/09\/amy-treasure-65664-unsplash-scaled.jpg","width":2560,"height":1707},{"@type":"BreadcrumbList","@id":"https:\/\/melanie-mordogan-naturopathe.fr\/?product=bilan-de-vitalite-naturopathie#breadcrumb","itemListElement":[{"@type":"ListItem","position":1,"name":"Accueil","item":"https:\/\/melanie-mordogan-naturopathe.fr\/"},{"@type":"ListItem","position":2,"name":"Boutique","item":"https:\/\/melanie-mordogan-naturopathe.fr\/?page_id=269"},{"@type":"ListItem","position":3,"name":"Bilan de vitalit\u00e9 &#8211; naturopathie (1h30)"}]},{"@type":"WebSite","@id":"https:\/\/melanie-mordogan-naturopathe.fr\/#website","url":"https:\/\/melanie-mordogan-naturopathe.fr\/","name":"M\u00e9lanie Mordogan NATUROPATHE - Nutrith\u00e9rapeute","description":"","potentialAction":[{"@type":"SearchAction","target":{"@type":"EntryPoint","urlTemplate":"https:\/\/melanie-mordogan-naturopathe.fr\/?s={search_term_string}"},"query-input":{"@type":"PropertyValueSpecification","valueRequired":true,"valueName":"search_term_string"}}],"inLanguage":"fr-FR"}]}},"jetpack_sharing_enabled":true,"_links":{"self":[{"href":"https:\/\/melanie-mordogan-naturopathe.fr\/index.php?rest_route=\/wp\/v2\/product\/315"}],"collection":[{"href":"https:\/\/melanie-mordogan-naturopathe.fr\/index.php?rest_route=\/wp\/v2\/product"}],"about":[{"href":"https:\/\/melanie-mordogan-naturopathe.fr\/index.php?rest_route=\/wp\/v2\/types\/product"}],"wp:featuredmedia":[{"embeddable":true,"href":"https:\/\/melanie-mordogan-naturopathe.fr\/index.php?rest_route=\/wp\/v2\/media\/112"}],"wp:attachment":[{"href":"https:\/\/melanie-mordogan-naturopathe.fr\/index.php?rest_route=%2Fwp%2Fv2%2Fmedia&parent=315"}],"wp:term":[{"taxonomy":"product_cat","embeddable":true,"href":"https:\/\/melanie-mordogan-naturopathe.fr\/index.php?rest_route=%2Fwp%2Fv2%2Fproduct_cat&post=315"},{"taxonomy":"product_tag","embeddable":true,"href":"https:\/\/melanie-mordogan-naturopathe.fr\/index.php?rest_route=%2Fwp%2Fv2%2Fproduct_tag&post=315"}],"curies":[{"name":"wp","href":"https:\/\/api.w.org\/{rel}","templated":true}]}}